{"id":4786,"date":"2023-12-27T13:21:57","date_gmt":"2023-12-27T13:21:57","guid":{"rendered":"https:\/\/beook.ch\/wp\/?page_id=4786"},"modified":"2024-06-10T09:26:01","modified_gmt":"2024-06-10T09:26:01","slug":"nutzungsbedingungen-es","status":"publish","type":"page","link":"https:\/\/beook.ch\/wp\/?page_id=4786&lang=es","title":{"rendered":"Condiciones de uso"},"content":{"rendered":"\t\t<div data-elementor-type=\"wp-page\" data-elementor-id=\"4786\" class=\"elementor elementor-4786\" data-elementor-post-type=\"page\">\n\t\t\t\t\t\t<section class=\"elementor-section elementor-top-section elementor-element elementor-element-8996ce9 elementor-section-boxed elementor-section-height-default elementor-section-height-default\" data-id=\"8996ce9\" data-element_type=\"section\" data-e-type=\"section\">\n\t\t\t\t\t\t<div class=\"elementor-container elementor-column-gap-default\">\n\t\t\t\t\t<div class=\"elementor-column elementor-col-100 elementor-top-column elementor-element elementor-element-f166fe7\" data-id=\"f166fe7\" data-element_type=\"column\" data-e-type=\"column\">\n\t\t\t<div class=\"elementor-widget-wrap elementor-element-populated\">\n\t\t\t\t\t\t<div class=\"elementor-element elementor-element-c186705 elementor-widget elementor-widget-heading\" data-id=\"c186705\" data-element_type=\"widget\" data-e-type=\"widget\" data-widget_type=\"heading.default\">\n\t\t\t\t<div class=\"elementor-widget-container\">\n\t\t\t\t\t<h1 class=\"elementor-heading-title elementor-size-default\">Condiciones de uso<\/h1>\t\t\t\t<\/div>\n\t\t\t\t<\/div>\n\t\t\t\t\t<\/div>\n\t\t<\/div>\n\t\t\t\t\t<\/div>\n\t\t<\/section>\n\t\t\t\t<section class=\"elementor-section elementor-top-section elementor-element elementor-element-6bd94c3 elementor-section-boxed elementor-section-height-default elementor-section-height-default\" data-id=\"6bd94c3\" data-element_type=\"section\" data-e-type=\"section\">\n\t\t\t\t\t\t<div class=\"elementor-container elementor-column-gap-default\">\n\t\t\t\t\t<div class=\"elementor-column elementor-col-50 elementor-top-column elementor-element elementor-element-e1fe5bc elementor-hidden-mobile\" data-id=\"e1fe5bc\" data-element_type=\"column\" data-e-type=\"column\">\n\t\t\t<div class=\"elementor-widget-wrap elementor-element-populated\">\n\t\t\t\t\t\t<div class=\"elementor-element elementor-element-309ed34 elementor-toc--content-ellipsis elementor-widget elementor-widget-table-of-contents\" data-id=\"309ed34\" data-element_type=\"widget\" data-e-type=\"widget\" data-settings=\"{&quot;exclude_headings_by_selector&quot;:[],&quot;marker_view&quot;:&quot;bullets&quot;,&quot;icon&quot;:{&quot;value&quot;:&quot;&quot;,&quot;library&quot;:&quot;&quot;},&quot;sticky&quot;:&quot;top&quot;,&quot;sticky_on&quot;:[&quot;desktop&quot;,&quot;laptop&quot;,&quot;tablet&quot;],&quot;headings_by_tags&quot;:[&quot;h2&quot;,&quot;h3&quot;,&quot;h4&quot;,&quot;h5&quot;,&quot;h6&quot;],&quot;no_headings_message&quot;:&quot;Es wurden keine \\u00dcberschriften auf dieser Seite gefunden.&quot;,&quot;hierarchical_view&quot;:&quot;yes&quot;,&quot;min_height&quot;:{&quot;unit&quot;:&quot;px&quot;,&quot;size&quot;:&quot;&quot;,&quot;sizes&quot;:[]},&quot;min_height_laptop&quot;:{&quot;unit&quot;:&quot;px&quot;,&quot;size&quot;:&quot;&quot;,&quot;sizes&quot;:[]},&quot;min_height_tablet&quot;:{&quot;unit&quot;:&quot;px&quot;,&quot;size&quot;:&quot;&quot;,&quot;sizes&quot;:[]},&quot;min_height_mobile&quot;:{&quot;unit&quot;:&quot;px&quot;,&quot;size&quot;:&quot;&quot;,&quot;sizes&quot;:[]},&quot;sticky_offset&quot;:0,&quot;sticky_effects_offset&quot;:0,&quot;sticky_anchor_link_offset&quot;:0}\" data-widget_type=\"table-of-contents.default\">\n\t\t\t\t<div class=\"elementor-widget-container\">\n\t\t\t\t\t\t\t\t\t<div class=\"elementor-toc__header\">\n\t\t\t\t\t\t<h3 class=\"elementor-toc__header-title\">\n\t\t\t\t\u00cdndice\t\t\t<\/h3>\n\t\t\t\t\t\t\t\t<\/div>\n\t\t\t\t<div id=\"elementor-toc__309ed34\" class=\"elementor-toc__body\">\n\t\t\t<div class=\"elementor-toc__spinner-container\">\n\t\t\t\t<i class=\"elementor-toc__spinner eicon-animation-spin eicon-loading\" aria-hidden=\"true\"><\/i>\t\t\t<\/div>\n\t\t<\/div>\n\t\t\t\t\t\t<\/div>\n\t\t\t\t<\/div>\n\t\t\t\t\t<\/div>\n\t\t<\/div>\n\t\t\t\t<div class=\"elementor-column elementor-col-50 elementor-top-column elementor-element elementor-element-57c31ad\" data-id=\"57c31ad\" data-element_type=\"column\" data-e-type=\"column\">\n\t\t\t<div class=\"elementor-widget-wrap elementor-element-populated\">\n\t\t\t\t\t\t<div class=\"elementor-element elementor-element-cddf5b5 elementor-widget elementor-widget-text-editor\" data-id=\"cddf5b5\" data-element_type=\"widget\" data-e-type=\"widget\" data-widget_type=\"text-editor.default\">\n\t\t\t\t<div class=\"elementor-widget-container\">\n\t\t\t\t\t\t\t\t\t<p><strong>Las presentes condiciones de uso regulan el acceso y el uso de la plataforma beook de ionesoft GmbH (en lo sucesivo, &#8222;ionesoft&#8220;). La &#8222;plataforma beook&#8220; incluye la aplicaci\u00f3n beook, el sitio web beook.ch, beook web, beook lessons, beook author y los servidores consistentes en un servidor de licencias, un servidor de activos, un sistema de tickets y un servicio de asistencia, as\u00ed como la nube beook. Los contenidos ofrecidos en la plataforma beook (ebooks, medios, suplementos) se denominan &#8222;contenidos beook&#8220;.<\/strong><\/p><p><strong>Al utilizar la plataforma beook, usted acepta estas condiciones de uso.<\/strong><\/p>\t\t\t\t\t\t\t\t<\/div>\n\t\t\t\t<\/div>\n\t\t\t\t<div class=\"elementor-element elementor-element-c6feab4 elementor-widget elementor-widget-spacer\" data-id=\"c6feab4\" data-element_type=\"widget\" data-e-type=\"widget\" data-widget_type=\"spacer.default\">\n\t\t\t\t<div class=\"elementor-widget-container\">\n\t\t\t\t\t\t\t<div class=\"elementor-spacer\">\n\t\t\t<div class=\"elementor-spacer-inner\"><\/div>\n\t\t<\/div>\n\t\t\t\t\t\t<\/div>\n\t\t\t\t<\/div>\n\t\t\t\t<div class=\"elementor-element elementor-element-b8f12d9 elementor-widget elementor-widget-heading\" data-id=\"b8f12d9\" data-element_type=\"widget\" data-e-type=\"widget\" data-widget_type=\"heading.default\">\n\t\t\t\t<div class=\"elementor-widget-container\">\n\t\t\t\t\t<h2 class=\"elementor-heading-title elementor-size-default\">Cambios<\/h2>\t\t\t\t<\/div>\n\t\t\t\t<\/div>\n\t\t\t\t<div class=\"elementor-element elementor-element-3790e31 elementor-widget elementor-widget-text-editor\" data-id=\"3790e31\" data-element_type=\"widget\" data-e-type=\"widget\" data-widget_type=\"text-editor.default\">\n\t\t\t\t<div class=\"elementor-widget-container\">\n\t\t\t\t\t\t\t\t\t<p>Por la presente acepta que ionesoft puede modificar estas condiciones de uso en cualquier momento. Las nuevas condiciones de uso se publicar\u00e1n en este sitio web y entrar\u00e1n en vigor en el momento de su publicaci\u00f3n. Debe consultar este sitio web con regularidad para tomar nota de los cambios.<\/p>\t\t\t\t\t\t\t\t<\/div>\n\t\t\t\t<\/div>\n\t\t\t\t<div class=\"elementor-element elementor-element-63286b8 elementor-widget elementor-widget-spacer\" data-id=\"63286b8\" data-element_type=\"widget\" data-e-type=\"widget\" data-widget_type=\"spacer.default\">\n\t\t\t\t<div class=\"elementor-widget-container\">\n\t\t\t\t\t\t\t<div class=\"elementor-spacer\">\n\t\t\t<div class=\"elementor-spacer-inner\"><\/div>\n\t\t<\/div>\n\t\t\t\t\t\t<\/div>\n\t\t\t\t<\/div>\n\t\t\t\t<div class=\"elementor-element elementor-element-ad75eb9 elementor-widget elementor-widget-heading\" data-id=\"ad75eb9\" data-element_type=\"widget\" data-e-type=\"widget\" data-widget_type=\"heading.default\">\n\t\t\t\t<div class=\"elementor-widget-container\">\n\t\t\t\t\t<h2 class=\"elementor-heading-title elementor-size-default\">Uso de la nube de beook<\/h2>\t\t\t\t<\/div>\n\t\t\t\t<\/div>\n\t\t\t\t<div class=\"elementor-element elementor-element-07db684 elementor-widget elementor-widget-text-editor\" data-id=\"07db684\" data-element_type=\"widget\" data-e-type=\"widget\" data-widget_type=\"text-editor.default\">\n\t\t\t\t<div class=\"elementor-widget-container\">\n\t\t\t\t\t\t\t\t\t<p>Al utilizar beook Cloud (en lo sucesivo, &#8222;Cloud&#8220;), sus anotaciones se almacenan en servidores de terceros y se transfieren all\u00ed. Los datos se cifran en la aplicaci\u00f3n beook y se almacenan en la nube con protecci\u00f3n de acceso. ionesoft puede imponer restricciones al volumen de datos transferidos y almacenados, en particular un tama\u00f1o m\u00e1ximo de archivo para la transferencia de datos, un espacio m\u00e1ximo de almacenamiento puesto a disposici\u00f3n y un periodo m\u00e1ximo de almacenamiento para sus datos.<\/p><p>\u00a0<\/p><p>Al utilizar la nube, usted se compromete a utilizar la opci\u00f3n de sincronizaci\u00f3n e intercambio \u00fanicamente para contenidos directamente relacionados con su formaci\u00f3n o su trabajo. En particular, se le proh\u00edbe utilizar la plataforma beook para distribuir contenido ilegal, incluyendo (pero no limitado a) contenido que infrinja los derechos de autor, contenido discriminatorio u ofensivo, o contenido que comprometa la seguridad e integridad de los destinatarios y sus dispositivos.<\/p><p>\u00a0<\/p><p>Al utilizar la Nube, tambi\u00e9n se compromete a mantener actualizados en todo momento los datos personales de su cuenta de beook, a no utilizar la Nube y, en particular, el servicio de intercambio de forma an\u00f3nima o con un nombre falso o a utilizar la Nube con una cuenta que no sea personal.<\/p>\t\t\t\t\t\t\t\t<\/div>\n\t\t\t\t<\/div>\n\t\t\t\t<div class=\"elementor-element elementor-element-195c394 elementor-widget elementor-widget-spacer\" data-id=\"195c394\" data-element_type=\"widget\" data-e-type=\"widget\" data-widget_type=\"spacer.default\">\n\t\t\t\t<div class=\"elementor-widget-container\">\n\t\t\t\t\t\t\t<div class=\"elementor-spacer\">\n\t\t\t<div class=\"elementor-spacer-inner\"><\/div>\n\t\t<\/div>\n\t\t\t\t\t\t<\/div>\n\t\t\t\t<\/div>\n\t\t\t\t<div class=\"elementor-element elementor-element-e44e67d elementor-widget elementor-widget-heading\" data-id=\"e44e67d\" data-element_type=\"widget\" data-e-type=\"widget\" data-widget_type=\"heading.default\">\n\t\t\t\t<div class=\"elementor-widget-container\">\n\t\t\t\t\t<h2 class=\"elementor-heading-title elementor-size-default\">Uso de las lecciones de beook<\/h2>\t\t\t\t<\/div>\n\t\t\t\t<\/div>\n\t\t\t\t<div class=\"elementor-element elementor-element-b9b0b91 elementor-widget elementor-widget-text-editor\" data-id=\"b9b0b91\" data-element_type=\"widget\" data-e-type=\"widget\" data-widget_type=\"text-editor.default\">\n\t\t\t\t<div class=\"elementor-widget-container\">\n\t\t\t\t\t\t\t\t\t<p>Utilizando las lecciones de beook, el administrador del grupo (profesor, instructor, conferenciante, formador profesional, etc.) puede formar grupos (clases) y enviar tareas de aprendizaje a los miembros del grupo, que pueden compilar y planificar ellos mismos. Estas tareas de aprendizaje se procesan en la aplicaci\u00f3n beook y los resultados se env\u00edan al administrador del grupo. El administrador del grupo puede mostrar, evaluar y analizar los resultados en las lecciones de beook para seguir el progreso de aprendizaje de los miembros y gestionar el \u00e9xito de su aprendizaje. Los datos s\u00f3lo est\u00e1n disponibles para el administrador del grupo. Con respecto a los derechos y obligaciones de los datos, se aplican las mismas condiciones de uso que se enumeran m\u00e1s arriba en el apartado &#8222;Uso de la Nube de beook&#8220;.<\/p>\t\t\t\t\t\t\t\t<\/div>\n\t\t\t\t<\/div>\n\t\t\t\t<div class=\"elementor-element elementor-element-b534128 elementor-widget elementor-widget-spacer\" data-id=\"b534128\" data-element_type=\"widget\" data-e-type=\"widget\" data-widget_type=\"spacer.default\">\n\t\t\t\t<div class=\"elementor-widget-container\">\n\t\t\t\t\t\t\t<div class=\"elementor-spacer\">\n\t\t\t<div class=\"elementor-spacer-inner\"><\/div>\n\t\t<\/div>\n\t\t\t\t\t\t<\/div>\n\t\t\t\t<\/div>\n\t\t\t\t<div class=\"elementor-element elementor-element-5b38fbe elementor-widget elementor-widget-heading\" data-id=\"5b38fbe\" data-element_type=\"widget\" data-e-type=\"widget\" data-widget_type=\"heading.default\">\n\t\t\t\t<div class=\"elementor-widget-container\">\n\t\t\t\t\t<h2 class=\"elementor-heading-title elementor-size-default\">Descargo de responsabilidad<\/h2>\t\t\t\t<\/div>\n\t\t\t\t<\/div>\n\t\t\t\t<div class=\"elementor-element elementor-element-107c7b2 elementor-widget elementor-widget-text-editor\" data-id=\"107c7b2\" data-element_type=\"widget\" data-e-type=\"widget\" data-widget_type=\"text-editor.default\">\n\t\t\t\t<div class=\"elementor-widget-container\">\n\t\t\t\t\t\t\t\t\t<p>ionesoft no se hace responsable de la correcci\u00f3n, exactitud, actualidad, fiabilidad e integridad de los contenidos de la plataforma beook y de los contenidos beook.<\/p><p>\u00a0<\/p><p>Quedan excluidas las reclamaciones de responsabilidad contra ionesoft por da\u00f1os de car\u00e1cter material o inmaterial derivados del acceso, uso o no uso de la plataforma beook, de la interferencia de terceros en la plataforma beook, del mal uso de la conexi\u00f3n o de fallos t\u00e9cnicos.<\/p><p>\u00a0<\/p><p>Todas las ofertas son sin compromiso. ionesoft se reserva expresamente el derecho a modificar, completar o eliminar partes de la plataforma beook o de los contenidos beook sin previo aviso o a suspender la publicaci\u00f3n temporal o definitivamente.<\/p><p>\u00a0<\/p><p>ionesoft no est\u00e1 obligado a controlar la informaci\u00f3n de terceros transmitida o almacenada ni a investigar circunstancias que indiquen una actividad ilegal. Esto no afecta a las obligaciones de eliminar o bloquear el uso de informaci\u00f3n de acuerdo con la legislaci\u00f3n general. Sin embargo, la responsabilidad a este respecto s\u00f3lo es posible a partir del momento en que se tiene conocimiento de una infracci\u00f3n concreta. Tan pronto como tengamos conocimiento de una infracci\u00f3n legal de este tipo, ionesoft eliminar\u00e1 inmediatamente estos contenidos.<\/p>\t\t\t\t\t\t\t\t<\/div>\n\t\t\t\t<\/div>\n\t\t\t\t<div class=\"elementor-element elementor-element-49d3001 elementor-widget elementor-widget-spacer\" data-id=\"49d3001\" data-element_type=\"widget\" data-e-type=\"widget\" data-widget_type=\"spacer.default\">\n\t\t\t\t<div class=\"elementor-widget-container\">\n\t\t\t\t\t\t\t<div class=\"elementor-spacer\">\n\t\t\t<div class=\"elementor-spacer-inner\"><\/div>\n\t\t<\/div>\n\t\t\t\t\t\t<\/div>\n\t\t\t\t<\/div>\n\t\t\t\t<div class=\"elementor-element elementor-element-f39bdd2 elementor-widget elementor-widget-heading\" data-id=\"f39bdd2\" data-element_type=\"widget\" data-e-type=\"widget\" data-widget_type=\"heading.default\">\n\t\t\t\t<div class=\"elementor-widget-container\">\n\t\t\t\t\t<h2 class=\"elementor-heading-title elementor-size-default\">Responsabilidad de los enlaces<\/h2>\t\t\t\t<\/div>\n\t\t\t\t<\/div>\n\t\t\t\t<div class=\"elementor-element elementor-element-de8eca4 elementor-widget elementor-widget-text-editor\" data-id=\"de8eca4\" data-element_type=\"widget\" data-e-type=\"widget\" data-widget_type=\"text-editor.default\">\n\t\t\t\t<div class=\"elementor-widget-container\">\n\t\t\t\t\t\t\t\t\t<p>Las referencias y enlaces a sitios web de terceros quedan fuera del \u00e1mbito de responsabilidad de ionesoft. Se rechaza cualquier responsabilidad sobre dichos sitios web. El acceso y la utilizaci\u00f3n de dichos sitios web se realizar\u00e1n por cuenta y riesgo del usuario.<\/p>\t\t\t\t\t\t\t\t<\/div>\n\t\t\t\t<\/div>\n\t\t\t\t<div class=\"elementor-element elementor-element-a28d375 elementor-widget elementor-widget-spacer\" data-id=\"a28d375\" data-element_type=\"widget\" data-e-type=\"widget\" data-widget_type=\"spacer.default\">\n\t\t\t\t<div class=\"elementor-widget-container\">\n\t\t\t\t\t\t\t<div class=\"elementor-spacer\">\n\t\t\t<div class=\"elementor-spacer-inner\"><\/div>\n\t\t<\/div>\n\t\t\t\t\t\t<\/div>\n\t\t\t\t<\/div>\n\t\t\t\t<div class=\"elementor-element elementor-element-a53f78b elementor-widget elementor-widget-heading\" data-id=\"a53f78b\" data-element_type=\"widget\" data-e-type=\"widget\" data-widget_type=\"heading.default\">\n\t\t\t\t<div class=\"elementor-widget-container\">\n\t\t\t\t\t<h2 class=\"elementor-heading-title elementor-size-default\">Derechos de autor<\/h2>\t\t\t\t<\/div>\n\t\t\t\t<\/div>\n\t\t\t\t<div class=\"elementor-element elementor-element-6dce9fa elementor-widget elementor-widget-text-editor\" data-id=\"6dce9fa\" data-element_type=\"widget\" data-e-type=\"widget\" data-widget_type=\"text-editor.default\">\n\t\t\t\t<div class=\"elementor-widget-container\">\n\t\t\t\t\t\t\t\t\t<p>Los derechos de autor y todos los dem\u00e1s derechos sobre los contenidos, im\u00e1genes, fotos u otros archivos del sitio web, de la plataforma beook y de los contenidos beook pertenecen exclusivamente a ionesoft o a los titulares de los derechos espec\u00edficamente mencionados. Para la reproducci\u00f3n de cualquier elemento deber\u00e1 obtenerse previamente el consentimiento por escrito del titular de los derechos.<\/p><p>Si a pesar de ello tuviera conocimiento de una infracci\u00f3n de los derechos de autor, le rogamos que nos lo comunique. Si tuvi\u00e9ramos conocimiento de alguna infracci\u00f3n, ionesoft retirar\u00eda inmediatamente dicho contenido.<\/p>\t\t\t\t\t\t\t\t<\/div>\n\t\t\t\t<\/div>\n\t\t\t\t<div class=\"elementor-element elementor-element-f8062ea elementor-widget elementor-widget-spacer\" data-id=\"f8062ea\" data-element_type=\"widget\" data-e-type=\"widget\" data-widget_type=\"spacer.default\">\n\t\t\t\t<div class=\"elementor-widget-container\">\n\t\t\t\t\t\t\t<div class=\"elementor-spacer\">\n\t\t\t<div class=\"elementor-spacer-inner\"><\/div>\n\t\t<\/div>\n\t\t\t\t\t\t<\/div>\n\t\t\t\t<\/div>\n\t\t\t\t<div class=\"elementor-element elementor-element-e9ec151 elementor-widget elementor-widget-heading\" data-id=\"e9ec151\" data-element_type=\"widget\" data-e-type=\"widget\" data-widget_type=\"heading.default\">\n\t\t\t\t<div class=\"elementor-widget-container\">\n\t\t\t\t\t<h2 class=\"elementor-heading-title elementor-size-default\">Exclusi\u00f3n de uso<\/h2>\t\t\t\t<\/div>\n\t\t\t\t<\/div>\n\t\t\t\t<div class=\"elementor-element elementor-element-43dc136 elementor-widget elementor-widget-text-editor\" data-id=\"43dc136\" data-element_type=\"widget\" data-e-type=\"widget\" data-widget_type=\"text-editor.default\">\n\t\t\t\t<div class=\"elementor-widget-container\">\n\t\t\t\t\t\t\t\t\t<p>Por la presente se proh\u00edbe expresamente el uso de los datos de contacto publicados en el marco de la obligaci\u00f3n de pie de imprenta por parte de terceros para el env\u00edo de material publicitario e informativo no solicitado. Los operadores de este sitio web se reservan expresamente el derecho a emprender acciones legales en caso de env\u00edo no solicitado de informaci\u00f3n publicitaria, como correos electr\u00f3nicos basura.<\/p>\t\t\t\t\t\t\t\t<\/div>\n\t\t\t\t<\/div>\n\t\t\t\t<div class=\"elementor-element elementor-element-3eb4d92 elementor-widget elementor-widget-spacer\" data-id=\"3eb4d92\" data-element_type=\"widget\" data-e-type=\"widget\" data-widget_type=\"spacer.default\">\n\t\t\t\t<div class=\"elementor-widget-container\">\n\t\t\t\t\t\t\t<div class=\"elementor-spacer\">\n\t\t\t<div class=\"elementor-spacer-inner\"><\/div>\n\t\t<\/div>\n\t\t\t\t\t\t<\/div>\n\t\t\t\t<\/div>\n\t\t\t\t<div class=\"elementor-element elementor-element-f0a8f2b elementor-widget elementor-widget-heading\" data-id=\"f0a8f2b\" data-element_type=\"widget\" data-e-type=\"widget\" data-widget_type=\"heading.default\">\n\t\t\t\t<div class=\"elementor-widget-container\">\n\t\t\t\t\t<h2 class=\"elementor-heading-title elementor-size-default\">Para m\u00e1s informaci\u00f3n<\/h2>\t\t\t\t<\/div>\n\t\t\t\t<\/div>\n\t\t\t\t<div class=\"elementor-element elementor-element-f6049c5 elementor-widget elementor-widget-text-editor\" data-id=\"f6049c5\" data-element_type=\"widget\" data-e-type=\"widget\" data-widget_type=\"text-editor.default\">\n\t\t\t\t<div class=\"elementor-widget-container\">\n\t\t\t\t\t\t\t\t\t<p>Aparte de las restricciones de estas condiciones de uso, <a href=\"https:\/\/beook.ch\/wp\/?page_id=4415&amp;lang=es\">la protecci\u00f3n de datos<\/a> de ionesoft tambi\u00e9n se aplica a toda la plataforma beook.<\/p><p>\u00a0<\/p><p>Versi\u00f3n 2, v\u00e1lida a partir del 31\/07\/2023<\/p>\t\t\t\t\t\t\t\t<\/div>\n\t\t\t\t<\/div>\n\t\t\t\t\t<\/div>\n\t\t<\/div>\n\t\t\t\t\t<\/div>\n\t\t<\/section>\n\t\t\t\t<\/div>\n\t\t","protected":false},"excerpt":{"rendered":"<p>Condiciones de uso \u00cdndice Las presentes condiciones de uso regulan el acceso y el uso de la plataforma beook de ionesoft GmbH (en lo sucesivo, &#8222;ionesoft&#8220;). La &#8222;plataforma beook&#8220; incluye la aplicaci\u00f3n beook, el sitio web beook.ch, beook web, beook lessons, beook author y los servidores consistentes en un servidor de licencias, un servidor de [&hellip;]<\/p>\n","protected":false},"author":2,"featured_media":0,"parent":0,"menu_order":0,"comment_status":"closed","ping_status":"closed","template":"","meta":{"footnotes":""},"class_list":["post-4786","page","type-page","status-publish","hentry"],"blocksy_meta":[],"aioseo_notices":[],"publishpress_future_action":{"enabled":false,"date":"2026-04-28 10:12:37","action":"change-status","newStatus":"draft","terms":[],"taxonomy":"language","extraData":[]},"publishpress_future_workflow_manual_trigger":{"enabledWorkflows":[]},"_links":{"self":[{"href":"https:\/\/beook.ch\/wp\/index.php?rest_route=\/wp\/v2\/pages\/4786","targetHints":{"allow":["GET"]}}],"collection":[{"href":"https:\/\/beook.ch\/wp\/index.php?rest_route=\/wp\/v2\/pages"}],"about":[{"href":"https:\/\/beook.ch\/wp\/index.php?rest_route=\/wp\/v2\/types\/page"}],"author":[{"embeddable":true,"href":"https:\/\/beook.ch\/wp\/index.php?rest_route=\/wp\/v2\/users\/2"}],"replies":[{"embeddable":true,"href":"https:\/\/beook.ch\/wp\/index.php?rest_route=%2Fwp%2Fv2%2Fcomments&post=4786"}],"version-history":[{"count":8,"href":"https:\/\/beook.ch\/wp\/index.php?rest_route=\/wp\/v2\/pages\/4786\/revisions"}],"predecessor-version":[{"id":5603,"href":"https:\/\/beook.ch\/wp\/index.php?rest_route=\/wp\/v2\/pages\/4786\/revisions\/5603"}],"wp:attachment":[{"href":"https:\/\/beook.ch\/wp\/index.php?rest_route=%2Fwp%2Fv2%2Fmedia&parent=4786"}],"curies":[{"name":"wp","href":"https:\/\/api.w.org\/{rel}","templated":true}]}}